{"id":1460,"date":"2023-08-23T14:32:21","date_gmt":"2023-08-23T14:32:21","guid":{"rendered":"https:\/\/dochonorio.com\/ingles\/?page_id=1460"},"modified":"2023-08-23T14:36:31","modified_gmt":"2023-08-23T14:36:31","slug":"resultados-revision-recambios","status":"publish","type":"page","link":"https:\/\/dochonorio.com\/ingles\/inicio\/resultados\/resultados-revision-recambios\/","title":{"rendered":"Resultados Revisi\u00f3n (Recambios)"},"content":{"rendered":"\t\t<div data-elementor-type=\"wp-page\" data-elementor-id=\"1460\" class=\"elementor elementor-1460\">\n\t\t\t\t\t\t\t\t\t<section class=\"elementor-section elementor-top-section elementor-element elementor-element-c6f53cd elementor-section-height-min-height elementor-section-boxed elementor-section-height-default elementor-section-items-middle wpr-particle-no wpr-jarallax-no wpr-parallax-no wpr-sticky-section-no\" data-id=\"c6f53cd\" data-element_type=\"section\" data-settings=\"{&quot;background_background&quot;:&quot;classic&quot;}\">\n\t\t\t\t\t\t\t<div class=\"elementor-background-overlay\"><\/div>\n\t\t\t\t\t\t\t<div class=\"elementor-container elementor-column-gap-default\">\n\t\t\t\t\t<div class=\"elementor-column elementor-col-100 elementor-top-column elementor-element elementor-element-e632a45\" data-id=\"e632a45\" data-element_type=\"column\">\n\t\t\t<div class=\"elementor-widget-wrap elementor-element-populated\">\n\t\t\t\t\t\t\t\t<div class=\"elementor-element elementor-element-06dc5ea elementor-widget elementor-widget-heading\" data-id=\"06dc5ea\" data-element_type=\"widget\" data-widget_type=\"heading.default\">\n\t\t\t\t<div class=\"elementor-widget-container\">\n\t\t\t<style>\/*! elementor - v3.15.0 - 20-08-2023 *\/\n.elementor-heading-title{padding:0;margin:0;line-height:1}.elementor-widget-heading .elementor-heading-title[class*=elementor-size-]>a{color:inherit;font-size:inherit;line-height:inherit}.elementor-widget-heading .elementor-heading-title.elementor-size-small{font-size:15px}.elementor-widget-heading .elementor-heading-title.elementor-size-medium{font-size:19px}.elementor-widget-heading .elementor-heading-title.elementor-size-large{font-size:29px}.elementor-widget-heading .elementor-heading-title.elementor-size-xl{font-size:39px}.elementor-widget-heading .elementor-heading-title.elementor-size-xxl{font-size:59px}<\/style><h1 class=\"elementor-heading-title elementor-size-default\">REVISI\u00d3N (RECAMBIOS - RETOQUES)<\/h1>\t\t<\/div>\n\t\t\t\t<\/div>\n\t\t\t\t\t<\/div>\n\t\t<\/div>\n\t\t\t\t\t\t\t<\/div>\n\t\t<\/section>\n\t\t\t\t<section class=\"elementor-section elementor-top-section elementor-element elementor-element-bed31e2 elementor-section-boxed elementor-section-height-default elementor-section-height-default wpr-particle-no wpr-jarallax-no wpr-parallax-no wpr-sticky-section-no\" data-id=\"bed31e2\" data-element_type=\"section\">\n\t\t\t\t\t\t<div class=\"elementor-container elementor-column-gap-default\">\n\t\t\t\t\t<div class=\"elementor-column elementor-col-100 elementor-top-column elementor-element elementor-element-cc58ae5\" data-id=\"cc58ae5\" data-element_type=\"column\">\n\t\t\t<div class=\"elementor-widget-wrap elementor-element-populated\">\n\t\t\t\t\t\t\t\t<div class=\"elementor-element elementor-element-aa1a0db elementor-widget-divider--view-line elementor-widget elementor-widget-divider\" data-id=\"aa1a0db\" data-element_type=\"widget\" data-widget_type=\"divider.default\">\n\t\t\t\t<div class=\"elementor-widget-container\">\n\t\t\t<style>\/*! elementor - v3.15.0 - 20-08-2023 *\/\n.elementor-widget-divider{--divider-border-style:none;--divider-border-width:1px;--divider-color:#0c0d0e;--divider-icon-size:20px;--divider-element-spacing:10px;--divider-pattern-height:24px;--divider-pattern-size:20px;--divider-pattern-url:none;--divider-pattern-repeat:repeat-x}.elementor-widget-divider .elementor-divider{display:flex}.elementor-widget-divider .elementor-divider__text{font-size:15px;line-height:1;max-width:95%}.elementor-widget-divider .elementor-divider__element{margin:0 var(--divider-element-spacing);flex-shrink:0}.elementor-widget-divider .elementor-icon{font-size:var(--divider-icon-size)}.elementor-widget-divider .elementor-divider-separator{display:flex;margin:0;direction:ltr}.elementor-widget-divider--view-line_icon .elementor-divider-separator,.elementor-widget-divider--view-line_text .elementor-divider-separator{align-items:center}.elementor-widget-divider--view-line_icon .elementor-divider-separator:after,.elementor-widget-divider--view-line_icon .elementor-divider-separator:before,.elementor-widget-divider--view-line_text .elementor-divider-separator:after,.elementor-widget-divider--view-line_text .elementor-divider-separator:before{display:block;content:\"\";border-bottom:0;flex-grow:1;border-top:var(--divider-border-width) var(--divider-border-style) var(--divider-color)}.elementor-widget-divider--element-align-left .elementor-divider .elementor-divider-separator>.elementor-divider__svg:first-of-type{flex-grow:0;flex-shrink:100}.elementor-widget-divider--element-align-left .elementor-divider-separator:before{content:none}.elementor-widget-divider--element-align-left .elementor-divider__element{margin-left:0}.elementor-widget-divider--element-align-right .elementor-divider .elementor-divider-separator>.elementor-divider__svg:last-of-type{flex-grow:0;flex-shrink:100}.elementor-widget-divider--element-align-right .elementor-divider-separator:after{content:none}.elementor-widget-divider--element-align-right .elementor-divider__element{margin-right:0}.elementor-widget-divider:not(.elementor-widget-divider--view-line_text):not(.elementor-widget-divider--view-line_icon) .elementor-divider-separator{border-top:var(--divider-border-width) var(--divider-border-style) var(--divider-color)}.elementor-widget-divider--separator-type-pattern{--divider-border-style:none}.elementor-widget-divider--separator-type-pattern.elementor-widget-divider--view-line .elementor-divider-separator,.elementor-widget-divider--separator-type-pattern:not(.elementor-widget-divider--view-line) .elementor-divider-separator:after,.elementor-widget-divider--separator-type-pattern:not(.elementor-widget-divider--view-line) .elementor-divider-separator:before,.elementor-widget-divider--separator-type-pattern:not([class*=elementor-widget-divider--view]) .elementor-divider-separator{width:100%;min-height:var(--divider-pattern-height);-webkit-mask-size:var(--divider-pattern-size) 100%;mask-size:var(--divider-pattern-size) 100%;-webkit-mask-repeat:var(--divider-pattern-repeat);mask-repeat:var(--divider-pattern-repeat);background-color:var(--divider-color);-webkit-mask-image:var(--divider-pattern-url);mask-image:var(--divider-pattern-url)}.elementor-widget-divider--no-spacing{--divider-pattern-size:auto}.elementor-widget-divider--bg-round{--divider-pattern-repeat:round}.rtl .elementor-widget-divider .elementor-divider__text{direction:rtl}.e-con-inner>.elementor-widget-divider,.e-con>.elementor-widget-divider{width:var(--container-widget-width,100%);--flex-grow:var(--container-widget-flex-grow)}<\/style>\t\t<div class=\"elementor-divider\">\n\t\t\t<span class=\"elementor-divider-separator\">\n\t\t\t\t\t\t<\/span>\n\t\t<\/div>\n\t\t\t\t<\/div>\n\t\t\t\t<\/div>\n\t\t\t\t<section class=\"elementor-section elementor-inner-section elementor-element elementor-element-e67d0e1 elementor-section-boxed elementor-section-height-default elementor-section-height-default wpr-particle-no wpr-jarallax-no wpr-parallax-no wpr-sticky-section-no\" data-id=\"e67d0e1\" data-element_type=\"section\">\n\t\t\t\t\t\t<div class=\"elementor-container elementor-column-gap-default\">\n\t\t\t\t\t<div class=\"elementor-column elementor-col-25 elementor-inner-column elementor-element elementor-element-1530b96\" data-id=\"1530b96\" data-element_type=\"column\">\n\t\t\t<div class=\"elementor-widget-wrap elementor-element-populated\">\n\t\t\t\t\t\t\t\t<div class=\"elementor-element elementor-element-d586fc4 elementor-widget elementor-widget-html\" data-id=\"d586fc4\" data-element_type=\"widget\" data-widget_type=\"html.default\">\n\t\t\t\t<div class=\"elementor-widget-container\">\n\t\t\t<div class=\"Sirv\" data-src=\"https:\/\/11studiosena.sirv.com\/DocHonorio.com\/03%20REVISION%20(RECAMBIOS%20-%20RETOQUES)\/ANTES%20%26%20DESPUES\/CASO%2001\/ANTES.spin\"><\/div>\r\n<script src=\"https:\/\/scripts.sirv.com\/sirvjs\/v3\/sirv.js\"><\/script>\t\t<\/div>\n\t\t\t\t<\/div>\n\t\t\t\t\t<\/div>\n\t\t<\/div>\n\t\t\t\t<div class=\"elementor-column elementor-col-25 elementor-inner-column elementor-element elementor-element-5bc2233\" data-id=\"5bc2233\" data-element_type=\"column\">\n\t\t\t<div class=\"elementor-widget-wrap elementor-element-populated\">\n\t\t\t\t\t\t\t\t<div class=\"elementor-element elementor-element-14277b3 elementor-widget elementor-widget-html\" data-id=\"14277b3\" data-element_type=\"widget\" data-widget_type=\"html.default\">\n\t\t\t\t<div class=\"elementor-widget-container\">\n\t\t\t<div class=\"Sirv\" data-src=\"https:\/\/11studiosena.sirv.com\/DocHonorio.com\/03%20REVISION%20(RECAMBIOS%20-%20RETOQUES)\/ANTES%20%26%20DESPUES\/CASO%2001\/DESPUES.spin\"><\/div>\r\n<script src=\"https:\/\/scripts.sirv.com\/sirvjs\/v3\/sirv.js\"><\/script>\t\t<\/div>\n\t\t\t\t<\/div>\n\t\t\t\t\t<\/div>\n\t\t<\/div>\n\t\t\t\t<div class=\"elementor-column elementor-col-25 elementor-inner-column elementor-element elementor-element-365a48f\" data-id=\"365a48f\" data-element_type=\"column\">\n\t\t\t<div class=\"elementor-widget-wrap elementor-element-populated\">\n\t\t\t\t\t\t\t\t<div class=\"elementor-element elementor-element-7e2c82b elementor-widget elementor-widget-html\" data-id=\"7e2c82b\" data-element_type=\"widget\" data-widget_type=\"html.default\">\n\t\t\t\t<div class=\"elementor-widget-container\">\n\t\t\t<div class=\"Sirv\" data-src=\"https:\/\/11studiosena.sirv.com\/DocHonorio.com\/03%20REVISION%20(RECAMBIOS%20-%20RETOQUES)\/ANTES%20%26%20DESPUES\/CASO%2002\/ANTES.spin\"><\/div>\r\n<script src=\"https:\/\/scripts.sirv.com\/sirvjs\/v3\/sirv.js\"><\/script>\t\t<\/div>\n\t\t\t\t<\/div>\n\t\t\t\t\t<\/div>\n\t\t<\/div>\n\t\t\t\t<div class=\"elementor-column elementor-col-25 elementor-inner-column elementor-element elementor-element-153632b\" data-id=\"153632b\" data-element_type=\"column\">\n\t\t\t<div class=\"elementor-widget-wrap elementor-element-populated\">\n\t\t\t\t\t\t\t\t<div class=\"elementor-element elementor-element-8ccc9dc elementor-widget elementor-widget-html\" data-id=\"8ccc9dc\" data-element_type=\"widget\" data-widget_type=\"html.default\">\n\t\t\t\t<div class=\"elementor-widget-container\">\n\t\t\t<div class=\"Sirv\" data-src=\"https:\/\/11studiosena.sirv.com\/DocHonorio.com\/03%20REVISION%20(RECAMBIOS%20-%20RETOQUES)\/ANTES%20%26%20DESPUES\/CASO%2002\/DESPUES.spin\"><\/div>\r\n<script src=\"https:\/\/scripts.sirv.com\/sirvjs\/v3\/sirv.js\"><\/script>\t\t<\/div>\n\t\t\t\t<\/div>\n\t\t\t\t\t<\/div>\n\t\t<\/div>\n\t\t\t\t\t\t\t<\/div>\n\t\t<\/section>\n\t\t\t\t<section class=\"elementor-section elementor-inner-section elementor-element elementor-element-b5485e5 elementor-section-boxed elementor-section-height-default elementor-section-height-default wpr-particle-no wpr-jarallax-no wpr-parallax-no wpr-sticky-section-no\" data-id=\"b5485e5\" data-element_type=\"section\">\n\t\t\t\t\t\t<div class=\"elementor-container elementor-column-gap-default\">\n\t\t\t\t\t<div class=\"elementor-column elementor-col-25 elementor-inner-column elementor-element elementor-element-85b12f7\" data-id=\"85b12f7\" data-element_type=\"column\">\n\t\t\t<div class=\"elementor-widget-wrap elementor-element-populated\">\n\t\t\t\t\t\t\t\t<div class=\"elementor-element elementor-element-1a139e5 elementor-widget elementor-widget-html\" data-id=\"1a139e5\" data-element_type=\"widget\" data-widget_type=\"html.default\">\n\t\t\t\t<div class=\"elementor-widget-container\">\n\t\t\t<div class=\"Sirv\" data-src=\"https:\/\/11studiosena.sirv.com\/DocHonorio.com\/03%20REVISION%20(RECAMBIOS%20-%20RETOQUES)\/ANTES%20%26%20DESPUES\/CASO%2003\/ANTES.spin\"><\/div>\r\n<script src=\"https:\/\/scripts.sirv.com\/sirvjs\/v3\/sirv.js\"><\/script>\t\t<\/div>\n\t\t\t\t<\/div>\n\t\t\t\t\t<\/div>\n\t\t<\/div>\n\t\t\t\t<div class=\"elementor-column elementor-col-25 elementor-inner-column elementor-element elementor-element-db21b48\" data-id=\"db21b48\" data-element_type=\"column\">\n\t\t\t<div class=\"elementor-widget-wrap elementor-element-populated\">\n\t\t\t\t\t\t\t\t<div class=\"elementor-element elementor-element-7ad89d7 elementor-widget elementor-widget-html\" data-id=\"7ad89d7\" data-element_type=\"widget\" data-widget_type=\"html.default\">\n\t\t\t\t<div class=\"elementor-widget-container\">\n\t\t\t<div class=\"Sirv\" data-src=\"https:\/\/11studiosena.sirv.com\/DocHonorio.com\/03%20REVISION%20(RECAMBIOS%20-%20RETOQUES)\/ANTES%20%26%20DESPUES\/CASO%2003\/DESPUES.spin\"><\/div>\r\n<script src=\"https:\/\/scripts.sirv.com\/sirvjs\/v3\/sirv.js\"><\/script>\t\t<\/div>\n\t\t\t\t<\/div>\n\t\t\t\t\t<\/div>\n\t\t<\/div>\n\t\t\t\t<div class=\"elementor-column elementor-col-25 elementor-inner-column elementor-element elementor-element-d80ef0f\" data-id=\"d80ef0f\" data-element_type=\"column\">\n\t\t\t<div class=\"elementor-widget-wrap elementor-element-populated\">\n\t\t\t\t\t\t\t\t<div class=\"elementor-element elementor-element-90784a6 elementor-widget elementor-widget-html\" data-id=\"90784a6\" data-element_type=\"widget\" data-widget_type=\"html.default\">\n\t\t\t\t<div class=\"elementor-widget-container\">\n\t\t\t<div class=\"Sirv\" data-src=\"https:\/\/11studiosena.sirv.com\/DocHonorio.com\/03%20REVISION%20(RECAMBIOS%20-%20RETOQUES)\/ANTES%20%26%20DESPUES\/CASO%2004\/ANTES.spin\"><\/div>\r\n<script src=\"https:\/\/scripts.sirv.com\/sirvjs\/v3\/sirv.js\"><\/script>\t\t<\/div>\n\t\t\t\t<\/div>\n\t\t\t\t\t<\/div>\n\t\t<\/div>\n\t\t\t\t<div class=\"elementor-column elementor-col-25 elementor-inner-column elementor-element elementor-element-3f218ae\" data-id=\"3f218ae\" data-element_type=\"column\">\n\t\t\t<div class=\"elementor-widget-wrap elementor-element-populated\">\n\t\t\t\t\t\t\t\t<div class=\"elementor-element elementor-element-e6760e9 elementor-widget elementor-widget-html\" data-id=\"e6760e9\" data-element_type=\"widget\" data-widget_type=\"html.default\">\n\t\t\t\t<div class=\"elementor-widget-container\">\n\t\t\t<div class=\"Sirv\" data-src=\"https:\/\/11studiosena.sirv.com\/DocHonorio.com\/03%20REVISION%20(RECAMBIOS%20-%20RETOQUES)\/ANTES%20%26%20DESPUES\/CASO%2004\/DESPUES.spin\"><\/div>\r\n<script src=\"https:\/\/scripts.sirv.com\/sirvjs\/v3\/sirv.js\"><\/script>\t\t<\/div>\n\t\t\t\t<\/div>\n\t\t\t\t\t<\/div>\n\t\t<\/div>\n\t\t\t\t\t\t\t<\/div>\n\t\t<\/section>\n\t\t\t\t<section class=\"elementor-section elementor-inner-section elementor-element elementor-element-7ad2df4 elementor-section-boxed elementor-section-height-default elementor-section-height-default wpr-particle-no wpr-jarallax-no wpr-parallax-no wpr-sticky-section-no\" data-id=\"7ad2df4\" data-element_type=\"section\">\n\t\t\t\t\t\t<div class=\"elementor-container elementor-column-gap-default\">\n\t\t\t\t\t<div class=\"elementor-column elementor-col-25 elementor-inner-column elementor-element elementor-element-98598c0\" data-id=\"98598c0\" data-element_type=\"column\">\n\t\t\t<div class=\"elementor-widget-wrap elementor-element-populated\">\n\t\t\t\t\t\t\t\t<div class=\"elementor-element elementor-element-86abfcc elementor-widget elementor-widget-html\" data-id=\"86abfcc\" data-element_type=\"widget\" data-widget_type=\"html.default\">\n\t\t\t\t<div class=\"elementor-widget-container\">\n\t\t\t<div class=\"Sirv\" data-src=\"https:\/\/11studiosena.sirv.com\/DocHonorio.com\/03%20REVISION%20(RECAMBIOS%20-%20RETOQUES)\/ANTES%20%26%20DESPUES\/CASO%2005\/ANTES.spin\"><\/div>\r\n<script src=\"https:\/\/scripts.sirv.com\/sirvjs\/v3\/sirv.js\"><\/script>\t\t<\/div>\n\t\t\t\t<\/div>\n\t\t\t\t\t<\/div>\n\t\t<\/div>\n\t\t\t\t<div class=\"elementor-column elementor-col-25 elementor-inner-column elementor-element elementor-element-81856b3\" data-id=\"81856b3\" data-element_type=\"column\">\n\t\t\t<div class=\"elementor-widget-wrap elementor-element-populated\">\n\t\t\t\t\t\t\t\t<div class=\"elementor-element elementor-element-85e4e30 elementor-widget elementor-widget-html\" data-id=\"85e4e30\" data-element_type=\"widget\" data-widget_type=\"html.default\">\n\t\t\t\t<div class=\"elementor-widget-container\">\n\t\t\t<div class=\"Sirv\" data-src=\"https:\/\/11studiosena.sirv.com\/DocHonorio.com\/03%20REVISION%20(RECAMBIOS%20-%20RETOQUES)\/ANTES%20%26%20DESPUES\/CASO%2005\/DESPUES.spin\"><\/div>\r\n<script src=\"https:\/\/scripts.sirv.com\/sirvjs\/v3\/sirv.js\"><\/script>\t\t<\/div>\n\t\t\t\t<\/div>\n\t\t\t\t\t<\/div>\n\t\t<\/div>\n\t\t\t\t<div class=\"elementor-column elementor-col-25 elementor-inner-column elementor-element elementor-element-886ebf1\" data-id=\"886ebf1\" data-element_type=\"column\">\n\t\t\t<div class=\"elementor-widget-wrap elementor-element-populated\">\n\t\t\t\t\t\t\t\t<div class=\"elementor-element elementor-element-edbb31c elementor-widget elementor-widget-html\" data-id=\"edbb31c\" data-element_type=\"widget\" data-widget_type=\"html.default\">\n\t\t\t\t<div class=\"elementor-widget-container\">\n\t\t\t<div class=\"Sirv\" data-src=\"https:\/\/11studiosena.sirv.com\/DocHonorio.com\/03%20REVISION%20(RECAMBIOS%20-%20RETOQUES)\/ANTES%20%26%20DESPUES\/CASO%2006\/ANTES.spin\"><\/div>\r\n<script src=\"https:\/\/scripts.sirv.com\/sirvjs\/v3\/sirv.js\"><\/script>\t\t<\/div>\n\t\t\t\t<\/div>\n\t\t\t\t\t<\/div>\n\t\t<\/div>\n\t\t\t\t<div class=\"elementor-column elementor-col-25 elementor-inner-column elementor-element elementor-element-40b8064\" data-id=\"40b8064\" data-element_type=\"column\">\n\t\t\t<div class=\"elementor-widget-wrap elementor-element-populated\">\n\t\t\t\t\t\t\t\t<div class=\"elementor-element elementor-element-9c3c766 elementor-widget elementor-widget-html\" data-id=\"9c3c766\" data-element_type=\"widget\" data-widget_type=\"html.default\">\n\t\t\t\t<div class=\"elementor-widget-container\">\n\t\t\t<div class=\"Sirv\" data-src=\"https:\/\/11studiosena.sirv.com\/DocHonorio.com\/03%20REVISION%20(RECAMBIOS%20-%20RETOQUES)\/ANTES%20%26%20DESPUES\/CASO%2006\/DESPUES.spin\"><\/div>\r\n<script src=\"https:\/\/scripts.sirv.com\/sirvjs\/v3\/sirv.js\"><\/script>\t\t<\/div>\n\t\t\t\t<\/div>\n\t\t\t\t\t<\/div>\n\t\t<\/div>\n\t\t\t\t\t\t\t<\/div>\n\t\t<\/section>\n\t\t\t\t\t<\/div>\n\t\t<\/div>\n\t\t\t\t\t\t\t<\/div>\n\t\t<\/section>\n\t\t\t\t\t\t\t<\/div>\n\t\t","protected":false},"excerpt":{"rendered":"<p>REVISI\u00d3N (RECAMBIOS &#8211; RETOQUES)<\/p>\n","protected":false},"author":3,"featured_media":0,"parent":18,"menu_order":0,"comment_status":"closed","ping_status":"closed","template":"elementor_header_footer","meta":{"_joinchat":[],"footnotes":""},"class_list":["post-1460","page","type-page","status-publish","hentry","entry"],"yoast_head":"<!-- This site is optimized with the Yoast SEO plugin v21.0 - https:\/\/yoast.com\/wordpress\/plugins\/seo\/ -->\n<title>Resultados Revisi\u00f3n (Recambios) - Dr Honorio Labaronnie<\/title>\n<meta name=\"robots\" content=\"index, follow, max-snippet:-1, max-image-preview:large, max-video-preview:-1\" \/>\n<link rel=\"canonical\" href=\"https:\/\/dochonorio.com\/ingles\/inicio\/resultados\/resultados-revision-recambios\/\" \/>\n<meta property=\"og:locale\" content=\"es_ES\" \/>\n<meta property=\"og:type\" content=\"article\" \/>\n<meta property=\"og:title\" content=\"Resultados Revisi\u00f3n (Recambios) - Dr Honorio Labaronnie\" \/>\n<meta property=\"og:description\" content=\"REVISI\u00d3N (RECAMBIOS &#8211; RETOQUES)\" \/>\n<meta property=\"og:url\" content=\"https:\/\/dochonorio.com\/ingles\/inicio\/resultados\/resultados-revision-recambios\/\" \/>\n<meta property=\"og:site_name\" content=\"Dr Honorio Labaronnie\" \/>\n<meta property=\"article:publisher\" content=\"https:\/\/web.facebook.com\/dochonoriolabaronnie\" \/>\n<meta property=\"article:modified_time\" content=\"2023-08-23T14:36:31+00:00\" \/>\n<meta name=\"twitter:card\" content=\"summary_large_image\" \/>\n<meta name=\"twitter:label1\" content=\"Tiempo de lectura\" \/>\n\t<meta name=\"twitter:data1\" content=\"5 minutos\" \/>\n<script type=\"application\/ld+json\" class=\"yoast-schema-graph\">{\"@context\":\"https:\/\/schema.org\",\"@graph\":[{\"@type\":\"WebPage\",\"@id\":\"https:\/\/dochonorio.com\/ingles\/inicio\/resultados\/resultados-revision-recambios\/\",\"url\":\"https:\/\/dochonorio.com\/ingles\/inicio\/resultados\/resultados-revision-recambios\/\",\"name\":\"Resultados Revisi\u00f3n (Recambios) - Dr Honorio Labaronnie\",\"isPartOf\":{\"@id\":\"https:\/\/dochonorio.com\/ingles\/#website\"},\"datePublished\":\"2023-08-23T14:32:21+00:00\",\"dateModified\":\"2023-08-23T14:36:31+00:00\",\"breadcrumb\":{\"@id\":\"https:\/\/dochonorio.com\/ingles\/inicio\/resultados\/resultados-revision-recambios\/#breadcrumb\"},\"inLanguage\":\"es\",\"potentialAction\":[{\"@type\":\"ReadAction\",\"target\":[\"https:\/\/dochonorio.com\/ingles\/inicio\/resultados\/resultados-revision-recambios\/\"]}]},{\"@type\":\"BreadcrumbList\",\"@id\":\"https:\/\/dochonorio.com\/ingles\/inicio\/resultados\/resultados-revision-recambios\/#breadcrumb\",\"itemListElement\":[{\"@type\":\"ListItem\",\"position\":1,\"name\":\"Portada\",\"item\":\"https:\/\/dochonorio.com\/ingles\/\"},{\"@type\":\"ListItem\",\"position\":2,\"name\":\"Inicio\",\"item\":\"https:\/\/dochonorio.com\/ingles\/\"},{\"@type\":\"ListItem\",\"position\":3,\"name\":\"Resultados\",\"item\":\"https:\/\/dochonorio.com\/ingles\/inicio\/resultados\/\"},{\"@type\":\"ListItem\",\"position\":4,\"name\":\"Resultados Revisi\u00f3n (Recambios)\"}]},{\"@type\":\"WebSite\",\"@id\":\"https:\/\/dochonorio.com\/ingles\/#website\",\"url\":\"https:\/\/dochonorio.com\/ingles\/\",\"name\":\"Dr Honorio Labaronnie, Especialista en Cirug\u00eda Pl\u00e1stica, Est\u00e9tica y Reparadora\",\"description\":\"Especialista en Cirug\u00eda Pl\u00e1stica, Est\u00e9tica y Reparadora.\",\"publisher\":{\"@id\":\"https:\/\/dochonorio.com\/ingles\/#organization\"},\"potentialAction\":[{\"@type\":\"SearchAction\",\"target\":{\"@type\":\"EntryPoint\",\"urlTemplate\":\"https:\/\/dochonorio.com\/ingles\/?s={search_term_string}\"},\"query-input\":\"required name=search_term_string\"}],\"inLanguage\":\"es\"},{\"@type\":\"Organization\",\"@id\":\"https:\/\/dochonorio.com\/ingles\/#organization\",\"name\":\"Dr Honorio Labaronnie, Especialista en Cirug\u00eda Pl\u00e1stica, Est\u00e9tica y Reparadora\",\"url\":\"https:\/\/dochonorio.com\/ingles\/\",\"logo\":{\"@type\":\"ImageObject\",\"inLanguage\":\"es\",\"@id\":\"https:\/\/dochonorio.com\/ingles\/#\/schema\/logo\/image\/\",\"url\":\"https:\/\/dochonorio.com\/ingles\/wp-content\/uploads\/2023\/04\/logo.png\",\"contentUrl\":\"https:\/\/dochonorio.com\/ingles\/wp-content\/uploads\/2023\/04\/logo.png\",\"width\":300,\"height\":23,\"caption\":\"Dr Honorio Labaronnie, Especialista en Cirug\u00eda Pl\u00e1stica, Est\u00e9tica y Reparadora\"},\"image\":{\"@id\":\"https:\/\/dochonorio.com\/ingles\/#\/schema\/logo\/image\/\"},\"sameAs\":[\"https:\/\/web.facebook.com\/dochonoriolabaronnie\"]}]}<\/script>\n<!-- \/ Yoast SEO plugin. -->","yoast_head_json":{"title":"Resultados Revisi\u00f3n (Recambios) - Dr Honorio Labaronnie","robots":{"index":"index","follow":"follow","max-snippet":"max-snippet:-1","max-image-preview":"max-image-preview:large","max-video-preview":"max-video-preview:-1"},"canonical":"https:\/\/dochonorio.com\/ingles\/inicio\/resultados\/resultados-revision-recambios\/","og_locale":"es_ES","og_type":"article","og_title":"Resultados Revisi\u00f3n (Recambios) - Dr Honorio Labaronnie","og_description":"REVISI\u00d3N (RECAMBIOS &#8211; RETOQUES)","og_url":"https:\/\/dochonorio.com\/ingles\/inicio\/resultados\/resultados-revision-recambios\/","og_site_name":"Dr Honorio Labaronnie","article_publisher":"https:\/\/web.facebook.com\/dochonoriolabaronnie","article_modified_time":"2023-08-23T14:36:31+00:00","twitter_card":"summary_large_image","twitter_misc":{"Tiempo de lectura":"5 minutos"},"schema":{"@context":"https:\/\/schema.org","@graph":[{"@type":"WebPage","@id":"https:\/\/dochonorio.com\/ingles\/inicio\/resultados\/resultados-revision-recambios\/","url":"https:\/\/dochonorio.com\/ingles\/inicio\/resultados\/resultados-revision-recambios\/","name":"Resultados Revisi\u00f3n (Recambios) - Dr Honorio Labaronnie","isPartOf":{"@id":"https:\/\/dochonorio.com\/ingles\/#website"},"datePublished":"2023-08-23T14:32:21+00:00","dateModified":"2023-08-23T14:36:31+00:00","breadcrumb":{"@id":"https:\/\/dochonorio.com\/ingles\/inicio\/resultados\/resultados-revision-recambios\/#breadcrumb"},"inLanguage":"es","potentialAction":[{"@type":"ReadAction","target":["https:\/\/dochonorio.com\/ingles\/inicio\/resultados\/resultados-revision-recambios\/"]}]},{"@type":"BreadcrumbList","@id":"https:\/\/dochonorio.com\/ingles\/inicio\/resultados\/resultados-revision-recambios\/#breadcrumb","itemListElement":[{"@type":"ListItem","position":1,"name":"Portada","item":"https:\/\/dochonorio.com\/ingles\/"},{"@type":"ListItem","position":2,"name":"Inicio","item":"https:\/\/dochonorio.com\/ingles\/"},{"@type":"ListItem","position":3,"name":"Resultados","item":"https:\/\/dochonorio.com\/ingles\/inicio\/resultados\/"},{"@type":"ListItem","position":4,"name":"Resultados Revisi\u00f3n (Recambios)"}]},{"@type":"WebSite","@id":"https:\/\/dochonorio.com\/ingles\/#website","url":"https:\/\/dochonorio.com\/ingles\/","name":"Dr Honorio Labaronnie, Especialista en Cirug\u00eda Pl\u00e1stica, Est\u00e9tica y Reparadora","description":"Especialista en Cirug\u00eda Pl\u00e1stica, Est\u00e9tica y Reparadora.","publisher":{"@id":"https:\/\/dochonorio.com\/ingles\/#organization"},"potentialAction":[{"@type":"SearchAction","target":{"@type":"EntryPoint","urlTemplate":"https:\/\/dochonorio.com\/ingles\/?s={search_term_string}"},"query-input":"required name=search_term_string"}],"inLanguage":"es"},{"@type":"Organization","@id":"https:\/\/dochonorio.com\/ingles\/#organization","name":"Dr Honorio Labaronnie, Especialista en Cirug\u00eda Pl\u00e1stica, Est\u00e9tica y Reparadora","url":"https:\/\/dochonorio.com\/ingles\/","logo":{"@type":"ImageObject","inLanguage":"es","@id":"https:\/\/dochonorio.com\/ingles\/#\/schema\/logo\/image\/","url":"https:\/\/dochonorio.com\/ingles\/wp-content\/uploads\/2023\/04\/logo.png","contentUrl":"https:\/\/dochonorio.com\/ingles\/wp-content\/uploads\/2023\/04\/logo.png","width":300,"height":23,"caption":"Dr Honorio Labaronnie, Especialista en Cirug\u00eda Pl\u00e1stica, Est\u00e9tica y Reparadora"},"image":{"@id":"https:\/\/dochonorio.com\/ingles\/#\/schema\/logo\/image\/"},"sameAs":["https:\/\/web.facebook.com\/dochonoriolabaronnie"]}]}},"_links":{"self":[{"href":"https:\/\/dochonorio.com\/ingles\/wp-json\/wp\/v2\/pages\/1460","targetHints":{"allow":["GET"]}}],"collection":[{"href":"https:\/\/dochonorio.com\/ingles\/wp-json\/wp\/v2\/pages"}],"about":[{"href":"https:\/\/dochonorio.com\/ingles\/wp-json\/wp\/v2\/types\/page"}],"author":[{"embeddable":true,"href":"https:\/\/dochonorio.com\/ingles\/wp-json\/wp\/v2\/users\/3"}],"replies":[{"embeddable":true,"href":"https:\/\/dochonorio.com\/ingles\/wp-json\/wp\/v2\/comments?post=1460"}],"version-history":[{"count":5,"href":"https:\/\/dochonorio.com\/ingles\/wp-json\/wp\/v2\/pages\/1460\/revisions"}],"predecessor-version":[{"id":1469,"href":"https:\/\/dochonorio.com\/ingles\/wp-json\/wp\/v2\/pages\/1460\/revisions\/1469"}],"up":[{"embeddable":true,"href":"https:\/\/dochonorio.com\/ingles\/wp-json\/wp\/v2\/pages\/18"}],"wp:attachment":[{"href":"https:\/\/dochonorio.com\/ingles\/wp-json\/wp\/v2\/media?parent=1460"}],"curies":[{"name":"wp","href":"https:\/\/api.w.org\/{rel}","templated":true}]}}