{"id":16,"date":"2023-04-17T15:04:40","date_gmt":"2023-04-17T15:04:40","guid":{"rendered":"https:\/\/dochonorio.com\/ingles\/?page_id=16"},"modified":"2023-08-15T14:46:38","modified_gmt":"2023-08-15T14:46:38","slug":"blog","status":"publish","type":"page","link":"https:\/\/dochonorio.com\/ingles\/inicio\/blog\/","title":{"rendered":"Blog"},"content":{"rendered":"\t\t<div data-elementor-type=\"wp-page\" data-elementor-id=\"16\" class=\"elementor elementor-16\">\n\t\t\t\t\t\t\t\t\t<section class=\"elementor-section elementor-top-section elementor-element elementor-element-2781da9 elementor-section-height-min-height elementor-section-boxed elementor-section-height-default elementor-section-items-middle wpr-particle-no wpr-jarallax-no wpr-parallax-no wpr-sticky-section-no\" data-id=\"2781da9\" data-element_type=\"section\" data-settings=\"{&quot;background_background&quot;:&quot;classic&quot;}\">\n\t\t\t\t\t\t\t<div class=\"elementor-background-overlay\"><\/div>\n\t\t\t\t\t\t\t<div class=\"elementor-container elementor-column-gap-default\">\n\t\t\t\t\t<div class=\"elementor-column elementor-col-100 elementor-top-column elementor-element elementor-element-1f0885b5\" data-id=\"1f0885b5\" data-element_type=\"column\">\n\t\t\t<div class=\"elementor-widget-wrap elementor-element-populated\">\n\t\t\t\t\t\t\t\t<div class=\"elementor-element elementor-element-60fb6061 elementor-widget elementor-widget-heading\" data-id=\"60fb6061\" data-element_type=\"widget\" data-widget_type=\"heading.default\">\n\t\t\t\t<div class=\"elementor-widget-container\">\n\t\t\t<style>\/*! elementor - v3.15.0 - 20-08-2023 *\/\n.elementor-heading-title{padding:0;margin:0;line-height:1}.elementor-widget-heading .elementor-heading-title[class*=elementor-size-]>a{color:inherit;font-size:inherit;line-height:inherit}.elementor-widget-heading .elementor-heading-title.elementor-size-small{font-size:15px}.elementor-widget-heading .elementor-heading-title.elementor-size-medium{font-size:19px}.elementor-widget-heading .elementor-heading-title.elementor-size-large{font-size:29px}.elementor-widget-heading .elementor-heading-title.elementor-size-xl{font-size:39px}.elementor-widget-heading .elementor-heading-title.elementor-size-xxl{font-size:59px}<\/style><h1 class=\"elementor-heading-title elementor-size-default\">BLOG<\/h1>\t\t<\/div>\n\t\t\t\t<\/div>\n\t\t\t\t<div class=\"elementor-element elementor-element-230cd488 elementor-widget elementor-widget-text-editor\" data-id=\"230cd488\" data-element_type=\"widget\" data-widget_type=\"text-editor.default\">\n\t\t\t\t<div class=\"elementor-widget-container\">\n\t\t\t<style>\/*! elementor - v3.15.0 - 20-08-2023 *\/\n.elementor-widget-text-editor.elementor-drop-cap-view-stacked .elementor-drop-cap{background-color:#69727d;color:#fff}.elementor-widget-text-editor.elementor-drop-cap-view-framed .elementor-drop-cap{color:#69727d;border:3px solid;background-color:transparent}.elementor-widget-text-editor:not(.elementor-drop-cap-view-default) .elementor-drop-cap{margin-top:8px}.elementor-widget-text-editor:not(.elementor-drop-cap-view-default) .elementor-drop-cap-letter{width:1em;height:1em}.elementor-widget-text-editor .elementor-drop-cap{float:left;text-align:center;line-height:1;font-size:50px}.elementor-widget-text-editor .elementor-drop-cap-letter{display:inline-block}<\/style>\t\t\t\t<p class=\"mb-5\">Bienvenidos a mi blog de cirug\u00eda pl\u00e1stica, donde les compartir\u00e9 la mejor informaci\u00f3n y consejos para el cuidado de tu salud y para mantenerte joven. <br><em><strong>\u00abAtrevete a cambiar agenda tu valoraci\u00f3n\u00bb<\/strong><\/em><\/p>\t\t\t\t\t\t<\/div>\n\t\t\t\t<\/div>\n\t\t\t\t<div class=\"elementor-element elementor-element-6e9bb85 elementor-button-success elementor-align-center elementor-widget elementor-widget-button\" data-id=\"6e9bb85\" data-element_type=\"widget\" data-widget_type=\"button.default\">\n\t\t\t\t<div class=\"elementor-widget-container\">\n\t\t\t\t\t<div class=\"elementor-button-wrapper\">\n\t\t\t<a class=\"elementor-button elementor-button-link elementor-size-md\" href=\"https:\/\/dochonorio.com\/ingles\/inicio\/agenda-tu-cita\/\">\n\t\t\t\t\t\t<span class=\"elementor-button-content-wrapper\">\n\t\t\t\t\t\t<span class=\"elementor-button-text\">Agenda tu cita<\/span>\n\t\t<\/span>\n\t\t\t\t\t<\/a>\n\t\t<\/div>\n\t\t\t\t<\/div>\n\t\t\t\t<\/div>\n\t\t\t\t\t<\/div>\n\t\t<\/div>\n\t\t\t\t\t\t\t<\/div>\n\t\t<\/section>\n\t\t\t\t<section class=\"elementor-section elementor-top-section elementor-element elementor-element-52e0864 elementor-section-boxed elementor-section-height-default elementor-section-height-default wpr-particle-no wpr-jarallax-no wpr-parallax-no wpr-sticky-section-no\" data-id=\"52e0864\" data-element_type=\"section\">\n\t\t\t\t\t\t<div class=\"elementor-container elementor-column-gap-default\">\n\t\t\t\t\t<div class=\"elementor-column elementor-col-100 elementor-top-column elementor-element elementor-element-ce71262\" data-id=\"ce71262\" data-element_type=\"column\">\n\t\t\t<div class=\"elementor-widget-wrap elementor-element-populated\">\n\t\t\t\t\t\t\t\t<div class=\"elementor-element elementor-element-85bd3d7 elementor-widget elementor-widget-spacer\" data-id=\"85bd3d7\" data-element_type=\"widget\" data-widget_type=\"spacer.default\">\n\t\t\t\t<div class=\"elementor-widget-container\">\n\t\t\t<style>\/*! elementor - v3.15.0 - 20-08-2023 *\/\n.elementor-column .elementor-spacer-inner{height:var(--spacer-size)}.e-con{--container-widget-width:100%}.e-con-inner>.elementor-widget-spacer,.e-con>.elementor-widget-spacer{width:var(--container-widget-width,var(--spacer-size));--align-self:var(--container-widget-align-self,initial);--flex-shrink:0}.e-con-inner>.elementor-widget-spacer>.elementor-widget-container,.e-con-inner>.elementor-widget-spacer>.elementor-widget-container>.elementor-spacer,.e-con>.elementor-widget-spacer>.elementor-widget-container,.e-con>.elementor-widget-spacer>.elementor-widget-container>.elementor-spacer{height:100%}.e-con-inner>.elementor-widget-spacer>.elementor-widget-container>.elementor-spacer>.elementor-spacer-inner,.e-con>.elementor-widget-spacer>.elementor-widget-container>.elementor-spacer>.elementor-spacer-inner{height:var(--container-widget-height,var(--spacer-size))}<\/style>\t\t<div class=\"elementor-spacer\">\n\t\t\t<div class=\"elementor-spacer-inner\"><\/div>\n\t\t<\/div>\n\t\t\t\t<\/div>\n\t\t\t\t<\/div>\n\t\t\t\t<div class=\"elementor-element elementor-element-9be56a2 elementor-widget elementor-widget-wpr-magazine-grid\" data-id=\"9be56a2\" data-element_type=\"widget\" data-widget_type=\"wpr-magazine-grid.default\">\n\t\t\t\t<div class=\"elementor-widget-container\">\n\t\t\t<div class=\"wpr-magazine-grid-wrap\"  data-slide-effect=\"\"><section class=\"wpr-magazine-grid wpr-mgzn-grid-2-3 wpr-mgzn-grid-rows-1\"><article class=\"wpr-mgzn-grid-item elementor-clearfix post-645 post type-post status-publish format-standard has-post-thumbnail hentry category-sin-categoria entry has-media\"><div class=\"wpr-grid-item-inner\"><div class=\"wpr-grid-media-wrap\" data-overlay-link=\"\"><div class=\"wpr-grid-image-wrap\" data-src=\"https:\/\/dochonorio.com\/ingles\/wp-content\/uploads\/2023\/04\/blog-2.png\" style=\"background-image: url(https:\/\/dochonorio.com\/ingles\/wp-content\/uploads\/2023\/04\/blog-2.png)\"><\/div><div class=\"wpr-grid-media-hover wpr-animation-wrap\"><div class=\"wpr-grid-media-hover-bg  wpr-overlay-fade-in wpr-anim-size-large wpr-anim-timing-ease-out wpr-anim-transparency\" data-url=\"https:\/\/dochonorio.com\/ingles\/riesgos-y-ventajas-de-las-multiples-cirugias-plasticas-en-una-sola-intervencion\/\"><\/div><div class=\"wpr-grid-media-hover-bottom elementor-clearfix\"><h3 class=\"wpr-grid-item-title elementor-repeater-item-99a4619 wpr-grid-item-display-block wpr-grid-item-align-left wpr-pointer-none wpr-pointer-line-fx wpr-pointer-fx-fade\"><div class=\"inner-block\"><a  target=\"_self\"  href=\"https:\/\/dochonorio.com\/ingles\/riesgos-y-ventajas-de-las-multiples-cirugias-plasticas-en-una-sola-intervencion\/\">Riesgos y ventajas de las m\u00faltiples cirug\u00edas pl\u00e1sticas en una sola intervenci\u00f3n<\/a><\/div><\/h3><div class=\"wpr-grid-item-separator elementor-repeater-item-ba24019 wpr-grid-item-display-inline wpr-grid-item-align-left wpr-grid-sep-style-1\"><div class=\"inner-block\"><span><\/span><\/div><\/div><div class=\"wpr-grid-item-date elementor-repeater-item-807809a wpr-grid-item-display-inline wpr-grid-item-align-left\"><div class=\"inner-block\"><span>19 abril, 2023<\/span><\/div><\/div><\/div><\/div><\/div><\/div><\/article><article class=\"wpr-mgzn-grid-item elementor-clearfix post-642 post type-post status-publish format-standard has-post-thumbnail hentry category-sin-categoria entry has-media\"><div class=\"wpr-grid-item-inner\"><div class=\"wpr-grid-media-wrap\" data-overlay-link=\"\"><div class=\"wpr-grid-image-wrap\" data-src=\"https:\/\/dochonorio.com\/ingles\/wp-content\/uploads\/2023\/04\/blog.png\" style=\"background-image: url(https:\/\/dochonorio.com\/ingles\/wp-content\/uploads\/2023\/04\/blog.png)\"><\/div><div class=\"wpr-grid-media-hover wpr-animation-wrap\"><div class=\"wpr-grid-media-hover-bg  wpr-overlay-fade-in wpr-anim-size-large wpr-anim-timing-ease-out wpr-anim-transparency\" data-url=\"https:\/\/dochonorio.com\/ingles\/como-saber-si-soy-una-persona-apta-para-una-liposuccion\/\"><\/div><div class=\"wpr-grid-media-hover-bottom elementor-clearfix\"><h3 class=\"wpr-grid-item-title elementor-repeater-item-99a4619 wpr-grid-item-display-block wpr-grid-item-align-left wpr-pointer-none wpr-pointer-line-fx wpr-pointer-fx-fade\"><div class=\"inner-block\"><a  target=\"_self\"  href=\"https:\/\/dochonorio.com\/ingles\/como-saber-si-soy-una-persona-apta-para-una-liposuccion\/\">\u00bfC\u00f3mo saber si soy una persona apta para una Liposucci\u00f3n?<\/a><\/div><\/h3><div class=\"wpr-grid-item-separator elementor-repeater-item-ba24019 wpr-grid-item-display-inline wpr-grid-item-align-left wpr-grid-sep-style-1\"><div class=\"inner-block\"><span><\/span><\/div><\/div><div class=\"wpr-grid-item-date elementor-repeater-item-807809a wpr-grid-item-display-inline wpr-grid-item-align-left\"><div class=\"inner-block\"><span>19 abril, 2023<\/span><\/div><\/div><\/div><\/div><\/div><\/div><\/article><article class=\"wpr-mgzn-grid-item elementor-clearfix post-624 post type-post status-publish format-standard has-post-thumbnail hentry category-sin-categoria entry has-media\"><div class=\"wpr-grid-item-inner\"><div class=\"wpr-grid-media-wrap\" data-overlay-link=\"\"><div class=\"wpr-grid-image-wrap\" data-src=\"https:\/\/dochonorio.com\/ingles\/wp-content\/uploads\/2023\/04\/1.jpg\" style=\"background-image: url(https:\/\/dochonorio.com\/ingles\/wp-content\/uploads\/2023\/04\/1.jpg)\"><\/div><div class=\"wpr-grid-media-hover wpr-animation-wrap\"><div class=\"wpr-grid-media-hover-bg  wpr-overlay-fade-in wpr-anim-size-large wpr-anim-timing-ease-out wpr-anim-transparency\" data-url=\"https:\/\/dochonorio.com\/ingles\/cinco-preguntas-sobre-la-reduccion-de-mamas\/\"><\/div><div class=\"wpr-grid-media-hover-bottom elementor-clearfix\"><h3 class=\"wpr-grid-item-title elementor-repeater-item-99a4619 wpr-grid-item-display-block wpr-grid-item-align-left wpr-pointer-none wpr-pointer-line-fx wpr-pointer-fx-fade\"><div class=\"inner-block\"><a  target=\"_self\"  href=\"https:\/\/dochonorio.com\/ingles\/cinco-preguntas-sobre-la-reduccion-de-mamas\/\">\u00bfC\u00f3mo elegir el tama\u00f1o de implantes mamarios adecuado para ti?<\/a><\/div><\/h3><div class=\"wpr-grid-item-separator elementor-repeater-item-ba24019 wpr-grid-item-display-inline wpr-grid-item-align-left wpr-grid-sep-style-1\"><div class=\"inner-block\"><span><\/span><\/div><\/div><div class=\"wpr-grid-item-date elementor-repeater-item-807809a wpr-grid-item-display-inline wpr-grid-item-align-left\"><div class=\"inner-block\"><span>19 abril, 2023<\/span><\/div><\/div><\/div><\/div><\/div><\/div><\/article><\/section><\/div>\t\t<\/div>\n\t\t\t\t<\/div>\n\t\t\t\t<div class=\"elementor-element elementor-element-63c59d0 elementor-widget elementor-widget-spacer\" data-id=\"63c59d0\" data-element_type=\"widget\" data-widget_type=\"spacer.default\">\n\t\t\t\t<div class=\"elementor-widget-container\">\n\t\t\t\t\t<div class=\"elementor-spacer\">\n\t\t\t<div class=\"elementor-spacer-inner\"><\/div>\n\t\t<\/div>\n\t\t\t\t<\/div>\n\t\t\t\t<\/div>\n\t\t\t\t\t<\/div>\n\t\t<\/div>\n\t\t\t\t\t\t\t<\/div>\n\t\t<\/section>\n\t\t\t\t\t\t\t<\/div>\n\t\t","protected":false},"excerpt":{"rendered":"<p>BLOG Bienvenidos a mi blog de cirug\u00eda pl\u00e1stica, donde les compartir\u00e9 la mejor informaci\u00f3n y consejos para el cuidado de tu salud y para mantenerte joven. \u00abAtrevete a cambiar agenda tu valoraci\u00f3n\u00bb Agenda tu cita Riesgos y ventajas de las m\u00faltiples cirug\u00edas pl\u00e1sticas en una sola intervenci\u00f3n 19 abril, 2023 \u00bfC\u00f3mo saber si soy una [&hellip;]<\/p>\n","protected":false},"author":2,"featured_media":0,"parent":2,"menu_order":0,"comment_status":"closed","ping_status":"closed","template":"elementor_header_footer","meta":{"_joinchat":[],"footnotes":""},"class_list":["post-16","page","type-page","status-publish","hentry","entry","has-media"],"yoast_head":"<!-- This site is optimized with the Yoast SEO plugin v21.0 - https:\/\/yoast.com\/wordpress\/plugins\/seo\/ -->\n<title>Blog - Dr Honorio Labaronnie<\/title>\n<meta name=\"robots\" content=\"index, follow, max-snippet:-1, max-image-preview:large, max-video-preview:-1\" \/>\n<link rel=\"canonical\" href=\"https:\/\/dochonorio.com\/ingles\/inicio\/blog\/\" \/>\n<meta property=\"og:locale\" content=\"es_ES\" \/>\n<meta property=\"og:type\" content=\"article\" \/>\n<meta property=\"og:title\" content=\"Blog - Dr Honorio Labaronnie\" \/>\n<meta property=\"og:description\" content=\"BLOG Bienvenidos a mi blog de cirug\u00eda pl\u00e1stica, donde les compartir\u00e9 la mejor informaci\u00f3n y consejos para el cuidado de tu salud y para mantenerte joven. \u00abAtrevete a cambiar agenda tu valoraci\u00f3n\u00bb Agenda tu cita Riesgos y ventajas de las m\u00faltiples cirug\u00edas pl\u00e1sticas en una sola intervenci\u00f3n 19 abril, 2023 \u00bfC\u00f3mo saber si soy una [&hellip;]\" \/>\n<meta property=\"og:url\" content=\"https:\/\/dochonorio.com\/ingles\/inicio\/blog\/\" \/>\n<meta property=\"og:site_name\" content=\"Dr Honorio Labaronnie\" \/>\n<meta property=\"article:publisher\" content=\"https:\/\/web.facebook.com\/dochonoriolabaronnie\" \/>\n<meta property=\"article:modified_time\" content=\"2023-08-15T14:46:38+00:00\" \/>\n<meta name=\"twitter:card\" content=\"summary_large_image\" \/>\n<script type=\"application\/ld+json\" class=\"yoast-schema-graph\">{\"@context\":\"https:\/\/schema.org\",\"@graph\":[{\"@type\":\"WebPage\",\"@id\":\"https:\/\/dochonorio.com\/ingles\/inicio\/blog\/\",\"url\":\"https:\/\/dochonorio.com\/ingles\/inicio\/blog\/\",\"name\":\"Blog - Dr Honorio Labaronnie\",\"isPartOf\":{\"@id\":\"https:\/\/dochonorio.com\/ingles\/#website\"},\"datePublished\":\"2023-04-17T15:04:40+00:00\",\"dateModified\":\"2023-08-15T14:46:38+00:00\",\"breadcrumb\":{\"@id\":\"https:\/\/dochonorio.com\/ingles\/inicio\/blog\/#breadcrumb\"},\"inLanguage\":\"es\",\"potentialAction\":[{\"@type\":\"ReadAction\",\"target\":[\"https:\/\/dochonorio.com\/ingles\/inicio\/blog\/\"]}]},{\"@type\":\"BreadcrumbList\",\"@id\":\"https:\/\/dochonorio.com\/ingles\/inicio\/blog\/#breadcrumb\",\"itemListElement\":[{\"@type\":\"ListItem\",\"position\":1,\"name\":\"Portada\",\"item\":\"https:\/\/dochonorio.com\/ingles\/\"},{\"@type\":\"ListItem\",\"position\":2,\"name\":\"Inicio\",\"item\":\"https:\/\/dochonorio.com\/ingles\/\"},{\"@type\":\"ListItem\",\"position\":3,\"name\":\"Blog\"}]},{\"@type\":\"WebSite\",\"@id\":\"https:\/\/dochonorio.com\/ingles\/#website\",\"url\":\"https:\/\/dochonorio.com\/ingles\/\",\"name\":\"Dr Honorio Labaronnie, Especialista en Cirug\u00eda Pl\u00e1stica, Est\u00e9tica y Reparadora\",\"description\":\"Especialista en Cirug\u00eda Pl\u00e1stica, Est\u00e9tica y Reparadora.\",\"publisher\":{\"@id\":\"https:\/\/dochonorio.com\/ingles\/#organization\"},\"potentialAction\":[{\"@type\":\"SearchAction\",\"target\":{\"@type\":\"EntryPoint\",\"urlTemplate\":\"https:\/\/dochonorio.com\/ingles\/?s={search_term_string}\"},\"query-input\":\"required name=search_term_string\"}],\"inLanguage\":\"es\"},{\"@type\":\"Organization\",\"@id\":\"https:\/\/dochonorio.com\/ingles\/#organization\",\"name\":\"Dr Honorio Labaronnie, Especialista en Cirug\u00eda Pl\u00e1stica, Est\u00e9tica y Reparadora\",\"url\":\"https:\/\/dochonorio.com\/ingles\/\",\"logo\":{\"@type\":\"ImageObject\",\"inLanguage\":\"es\",\"@id\":\"https:\/\/dochonorio.com\/ingles\/#\/schema\/logo\/image\/\",\"url\":\"https:\/\/dochonorio.com\/ingles\/wp-content\/uploads\/2023\/04\/logo.png\",\"contentUrl\":\"https:\/\/dochonorio.com\/ingles\/wp-content\/uploads\/2023\/04\/logo.png\",\"width\":300,\"height\":23,\"caption\":\"Dr Honorio Labaronnie, Especialista en Cirug\u00eda Pl\u00e1stica, Est\u00e9tica y Reparadora\"},\"image\":{\"@id\":\"https:\/\/dochonorio.com\/ingles\/#\/schema\/logo\/image\/\"},\"sameAs\":[\"https:\/\/web.facebook.com\/dochonoriolabaronnie\"]}]}<\/script>\n<!-- \/ Yoast SEO plugin. -->","yoast_head_json":{"title":"Blog - Dr Honorio Labaronnie","robots":{"index":"index","follow":"follow","max-snippet":"max-snippet:-1","max-image-preview":"max-image-preview:large","max-video-preview":"max-video-preview:-1"},"canonical":"https:\/\/dochonorio.com\/ingles\/inicio\/blog\/","og_locale":"es_ES","og_type":"article","og_title":"Blog - Dr Honorio Labaronnie","og_description":"BLOG Bienvenidos a mi blog de cirug\u00eda pl\u00e1stica, donde les compartir\u00e9 la mejor informaci\u00f3n y consejos para el cuidado de tu salud y para mantenerte joven. \u00abAtrevete a cambiar agenda tu valoraci\u00f3n\u00bb Agenda tu cita Riesgos y ventajas de las m\u00faltiples cirug\u00edas pl\u00e1sticas en una sola intervenci\u00f3n 19 abril, 2023 \u00bfC\u00f3mo saber si soy una [&hellip;]","og_url":"https:\/\/dochonorio.com\/ingles\/inicio\/blog\/","og_site_name":"Dr Honorio Labaronnie","article_publisher":"https:\/\/web.facebook.com\/dochonoriolabaronnie","article_modified_time":"2023-08-15T14:46:38+00:00","twitter_card":"summary_large_image","schema":{"@context":"https:\/\/schema.org","@graph":[{"@type":"WebPage","@id":"https:\/\/dochonorio.com\/ingles\/inicio\/blog\/","url":"https:\/\/dochonorio.com\/ingles\/inicio\/blog\/","name":"Blog - Dr Honorio Labaronnie","isPartOf":{"@id":"https:\/\/dochonorio.com\/ingles\/#website"},"datePublished":"2023-04-17T15:04:40+00:00","dateModified":"2023-08-15T14:46:38+00:00","breadcrumb":{"@id":"https:\/\/dochonorio.com\/ingles\/inicio\/blog\/#breadcrumb"},"inLanguage":"es","potentialAction":[{"@type":"ReadAction","target":["https:\/\/dochonorio.com\/ingles\/inicio\/blog\/"]}]},{"@type":"BreadcrumbList","@id":"https:\/\/dochonorio.com\/ingles\/inicio\/blog\/#breadcrumb","itemListElement":[{"@type":"ListItem","position":1,"name":"Portada","item":"https:\/\/dochonorio.com\/ingles\/"},{"@type":"ListItem","position":2,"name":"Inicio","item":"https:\/\/dochonorio.com\/ingles\/"},{"@type":"ListItem","position":3,"name":"Blog"}]},{"@type":"WebSite","@id":"https:\/\/dochonorio.com\/ingles\/#website","url":"https:\/\/dochonorio.com\/ingles\/","name":"Dr Honorio Labaronnie, Especialista en Cirug\u00eda Pl\u00e1stica, Est\u00e9tica y Reparadora","description":"Especialista en Cirug\u00eda Pl\u00e1stica, Est\u00e9tica y Reparadora.","publisher":{"@id":"https:\/\/dochonorio.com\/ingles\/#organization"},"potentialAction":[{"@type":"SearchAction","target":{"@type":"EntryPoint","urlTemplate":"https:\/\/dochonorio.com\/ingles\/?s={search_term_string}"},"query-input":"required name=search_term_string"}],"inLanguage":"es"},{"@type":"Organization","@id":"https:\/\/dochonorio.com\/ingles\/#organization","name":"Dr Honorio Labaronnie, Especialista en Cirug\u00eda Pl\u00e1stica, Est\u00e9tica y Reparadora","url":"https:\/\/dochonorio.com\/ingles\/","logo":{"@type":"ImageObject","inLanguage":"es","@id":"https:\/\/dochonorio.com\/ingles\/#\/schema\/logo\/image\/","url":"https:\/\/dochonorio.com\/ingles\/wp-content\/uploads\/2023\/04\/logo.png","contentUrl":"https:\/\/dochonorio.com\/ingles\/wp-content\/uploads\/2023\/04\/logo.png","width":300,"height":23,"caption":"Dr Honorio Labaronnie, Especialista en Cirug\u00eda Pl\u00e1stica, Est\u00e9tica y Reparadora"},"image":{"@id":"https:\/\/dochonorio.com\/ingles\/#\/schema\/logo\/image\/"},"sameAs":["https:\/\/web.facebook.com\/dochonoriolabaronnie"]}]}},"_links":{"self":[{"href":"https:\/\/dochonorio.com\/ingles\/wp-json\/wp\/v2\/pages\/16","targetHints":{"allow":["GET"]}}],"collection":[{"href":"https:\/\/dochonorio.com\/ingles\/wp-json\/wp\/v2\/pages"}],"about":[{"href":"https:\/\/dochonorio.com\/ingles\/wp-json\/wp\/v2\/types\/page"}],"author":[{"embeddable":true,"href":"https:\/\/dochonorio.com\/ingles\/wp-json\/wp\/v2\/users\/2"}],"replies":[{"embeddable":true,"href":"https:\/\/dochonorio.com\/ingles\/wp-json\/wp\/v2\/comments?post=16"}],"version-history":[{"count":31,"href":"https:\/\/dochonorio.com\/ingles\/wp-json\/wp\/v2\/pages\/16\/revisions"}],"predecessor-version":[{"id":1386,"href":"https:\/\/dochonorio.com\/ingles\/wp-json\/wp\/v2\/pages\/16\/revisions\/1386"}],"up":[{"embeddable":true,"href":"https:\/\/dochonorio.com\/ingles\/wp-json\/wp\/v2\/pages\/2"}],"wp:attachment":[{"href":"https:\/\/dochonorio.com\/ingles\/wp-json\/wp\/v2\/media?parent=16"}],"curies":[{"name":"wp","href":"https:\/\/api.w.org\/{rel}","templated":true}]}}