{"id":18,"date":"2023-04-17T15:06:02","date_gmt":"2023-04-17T15:06:02","guid":{"rendered":"https:\/\/dochonorio.com\/ingles\/?page_id=18"},"modified":"2023-08-23T15:03:19","modified_gmt":"2023-08-23T15:03:19","slug":"resultados","status":"publish","type":"page","link":"https:\/\/dochonorio.com\/ingles\/inicio\/resultados\/","title":{"rendered":"Resultados"},"content":{"rendered":"\t\t<div data-elementor-type=\"wp-page\" data-elementor-id=\"18\" class=\"elementor elementor-18\">\n\t\t\t\t\t\t\t\t\t<section class=\"elementor-section elementor-top-section elementor-element elementor-element-662518d1 elementor-section-height-min-height elementor-section-boxed elementor-section-height-default elementor-section-items-middle wpr-particle-no wpr-jarallax-no wpr-parallax-no wpr-sticky-section-no\" data-id=\"662518d1\" data-element_type=\"section\" data-settings=\"{&quot;background_background&quot;:&quot;classic&quot;}\">\n\t\t\t\t\t\t\t<div class=\"elementor-background-overlay\"><\/div>\n\t\t\t\t\t\t\t<div class=\"elementor-container elementor-column-gap-default\">\n\t\t\t\t\t<div class=\"elementor-column elementor-col-100 elementor-top-column elementor-element elementor-element-36bbf122\" data-id=\"36bbf122\" data-element_type=\"column\">\n\t\t\t<div class=\"elementor-widget-wrap elementor-element-populated\">\n\t\t\t\t\t\t\t\t<div class=\"elementor-element elementor-element-18dc413f elementor-widget elementor-widget-heading\" data-id=\"18dc413f\" data-element_type=\"widget\" data-widget_type=\"heading.default\">\n\t\t\t\t<div class=\"elementor-widget-container\">\n\t\t\t<style>\/*! elementor - v3.15.0 - 20-08-2023 *\/\n.elementor-heading-title{padding:0;margin:0;line-height:1}.elementor-widget-heading .elementor-heading-title[class*=elementor-size-]>a{color:inherit;font-size:inherit;line-height:inherit}.elementor-widget-heading .elementor-heading-title.elementor-size-small{font-size:15px}.elementor-widget-heading .elementor-heading-title.elementor-size-medium{font-size:19px}.elementor-widget-heading .elementor-heading-title.elementor-size-large{font-size:29px}.elementor-widget-heading .elementor-heading-title.elementor-size-xl{font-size:39px}.elementor-widget-heading .elementor-heading-title.elementor-size-xxl{font-size:59px}<\/style><h1 class=\"elementor-heading-title elementor-size-default\">RESULTADOS<\/h1>\t\t<\/div>\n\t\t\t\t<\/div>\n\t\t\t\t\t<\/div>\n\t\t<\/div>\n\t\t\t\t\t\t\t<\/div>\n\t\t<\/section>\n\t\t\t\t<section class=\"elementor-section elementor-top-section elementor-element elementor-element-8c40d1b elementor-hidden-desktop elementor-hidden-tablet elementor-hidden-mobile elementor-section-boxed elementor-section-height-default elementor-section-height-default wpr-particle-no wpr-jarallax-no wpr-parallax-no wpr-sticky-section-no\" data-id=\"8c40d1b\" data-element_type=\"section\">\n\t\t\t\t\t\t<div class=\"elementor-container elementor-column-gap-default\">\n\t\t\t\t\t<div class=\"elementor-column elementor-col-100 elementor-top-column elementor-element elementor-element-c62b8c9\" data-id=\"c62b8c9\" data-element_type=\"column\">\n\t\t\t<div class=\"elementor-widget-wrap elementor-element-populated\">\n\t\t\t\t\t\t\t\t<div class=\"elementor-element elementor-element-23a1b9b elementor-widget elementor-widget-heading\" data-id=\"23a1b9b\" data-element_type=\"widget\" data-widget_type=\"heading.default\">\n\t\t\t\t<div class=\"elementor-widget-container\">\n\t\t\t<h2 class=\"elementor-heading-title elementor-size-default\">TESTIMONIOS<\/h2>\t\t<\/div>\n\t\t\t\t<\/div>\n\t\t\t\t<section class=\"elementor-section elementor-inner-section elementor-element elementor-element-632d659 elementor-section-boxed elementor-section-height-default elementor-section-height-default wpr-particle-no wpr-jarallax-no wpr-parallax-no wpr-sticky-section-no\" data-id=\"632d659\" data-element_type=\"section\">\n\t\t\t\t\t\t<div class=\"elementor-container elementor-column-gap-default\">\n\t\t\t\t\t<div class=\"elementor-column elementor-col-33 elementor-inner-column elementor-element elementor-element-b6eced6\" data-id=\"b6eced6\" data-element_type=\"column\">\n\t\t\t<div class=\"elementor-widget-wrap elementor-element-populated\">\n\t\t\t\t\t\t\t\t<div class=\"elementor-element elementor-element-54cf972 elementor-widget elementor-widget-video\" data-id=\"54cf972\" data-element_type=\"widget\" data-settings=\"{&quot;youtube_url&quot;:&quot;https:\\\/\\\/youtu.be\\\/2Oh3KbN90A0&quot;,&quot;video_type&quot;:&quot;youtube&quot;,&quot;controls&quot;:&quot;yes&quot;}\" data-widget_type=\"video.default\">\n\t\t\t\t<div class=\"elementor-widget-container\">\n\t\t\t<style>\/*! elementor - v3.15.0 - 20-08-2023 *\/\n.elementor-widget-video .elementor-widget-container{overflow:hidden;transform:translateZ(0)}.elementor-widget-video .elementor-wrapper{aspect-ratio:var(--video-aspect-ratio)}.elementor-widget-video .elementor-wrapper iframe,.elementor-widget-video .elementor-wrapper video{height:100%;width:100%;display:flex;border:none;background-color:#000}@supports not (aspect-ratio:1\/1){.elementor-widget-video .elementor-wrapper{position:relative;overflow:hidden;height:0;padding-bottom:calc(100% \/ var(--video-aspect-ratio))}.elementor-widget-video .elementor-wrapper iframe,.elementor-widget-video .elementor-wrapper video{position:absolute;top:0;right:0;bottom:0;left:0}}.elementor-widget-video .elementor-open-inline .elementor-custom-embed-image-overlay{position:absolute;top:0;right:0;bottom:0;left:0;background-size:cover;background-position:50%}.elementor-widget-video .elementor-custom-embed-image-overlay{cursor:pointer;text-align:center}.elementor-widget-video .elementor-custom-embed-image-overlay:hover .elementor-custom-embed-play i{opacity:1}.elementor-widget-video .elementor-custom-embed-image-overlay img{display:block;width:100%;aspect-ratio:var(--video-aspect-ratio);-o-object-fit:cover;object-fit:cover;-o-object-position:center center;object-position:center center}@supports not (aspect-ratio:1\/1){.elementor-widget-video .elementor-custom-embed-image-overlay{position:relative;overflow:hidden;height:0;padding-bottom:calc(100% \/ var(--video-aspect-ratio))}.elementor-widget-video .elementor-custom-embed-image-overlay img{position:absolute;top:0;right:0;bottom:0;left:0}}.elementor-widget-video .e-hosted-video .elementor-video{-o-object-fit:cover;object-fit:cover}.e-con-inner>.elementor-widget-video,.e-con>.elementor-widget-video{width:var(--container-widget-width);--flex-grow:var(--container-widget-flex-grow)}<\/style>\t\t<div class=\"elementor-wrapper elementor-open-inline\">\n\t\t\t<div class=\"elementor-video\"><\/div>\t\t<\/div>\n\t\t\t\t<\/div>\n\t\t\t\t<\/div>\n\t\t\t\t<div class=\"elementor-element elementor-element-ef6d840 elementor-widget elementor-widget-video\" data-id=\"ef6d840\" data-element_type=\"widget\" data-settings=\"{&quot;youtube_url&quot;:&quot;https:\\\/\\\/youtu.be\\\/g-qKx76BI8g&quot;,&quot;video_type&quot;:&quot;youtube&quot;,&quot;controls&quot;:&quot;yes&quot;}\" data-widget_type=\"video.default\">\n\t\t\t\t<div class=\"elementor-widget-container\">\n\t\t\t\t\t<div class=\"elementor-wrapper elementor-open-inline\">\n\t\t\t<div class=\"elementor-video\"><\/div>\t\t<\/div>\n\t\t\t\t<\/div>\n\t\t\t\t<\/div>\n\t\t\t\t<div class=\"elementor-element elementor-element-eafdcb6 elementor-widget elementor-widget-video\" data-id=\"eafdcb6\" data-element_type=\"widget\" data-settings=\"{&quot;youtube_url&quot;:&quot;https:\\\/\\\/youtu.be\\\/bj5HuIbbkTY&quot;,&quot;video_type&quot;:&quot;youtube&quot;,&quot;controls&quot;:&quot;yes&quot;}\" data-widget_type=\"video.default\">\n\t\t\t\t<div class=\"elementor-widget-container\">\n\t\t\t\t\t<div class=\"elementor-wrapper elementor-open-inline\">\n\t\t\t<div class=\"elementor-video\"><\/div>\t\t<\/div>\n\t\t\t\t<\/div>\n\t\t\t\t<\/div>\n\t\t\t\t\t<\/div>\n\t\t<\/div>\n\t\t\t\t<div class=\"elementor-column elementor-col-33 elementor-inner-column elementor-element elementor-element-6acf4b7\" data-id=\"6acf4b7\" data-element_type=\"column\">\n\t\t\t<div class=\"elementor-widget-wrap elementor-element-populated\">\n\t\t\t\t\t\t\t\t<div class=\"elementor-element elementor-element-fff1257 elementor-widget elementor-widget-video\" data-id=\"fff1257\" data-element_type=\"widget\" data-settings=\"{&quot;youtube_url&quot;:&quot;https:\\\/\\\/youtu.be\\\/6negKPrGlRg&quot;,&quot;video_type&quot;:&quot;youtube&quot;,&quot;controls&quot;:&quot;yes&quot;}\" data-widget_type=\"video.default\">\n\t\t\t\t<div class=\"elementor-widget-container\">\n\t\t\t\t\t<div class=\"elementor-wrapper elementor-open-inline\">\n\t\t\t<div class=\"elementor-video\"><\/div>\t\t<\/div>\n\t\t\t\t<\/div>\n\t\t\t\t<\/div>\n\t\t\t\t<div class=\"elementor-element elementor-element-3d6165a elementor-widget elementor-widget-video\" data-id=\"3d6165a\" data-element_type=\"widget\" data-settings=\"{&quot;youtube_url&quot;:&quot;https:\\\/\\\/youtu.be\\\/_ifNnQ93hEA&quot;,&quot;video_type&quot;:&quot;youtube&quot;,&quot;controls&quot;:&quot;yes&quot;}\" data-widget_type=\"video.default\">\n\t\t\t\t<div class=\"elementor-widget-container\">\n\t\t\t\t\t<div class=\"elementor-wrapper elementor-open-inline\">\n\t\t\t<div class=\"elementor-video\"><\/div>\t\t<\/div>\n\t\t\t\t<\/div>\n\t\t\t\t<\/div>\n\t\t\t\t<div class=\"elementor-element elementor-element-4c05f9c elementor-widget elementor-widget-video\" data-id=\"4c05f9c\" data-element_type=\"widget\" data-settings=\"{&quot;youtube_url&quot;:&quot;https:\\\/\\\/youtu.be\\\/wbGHZyhiTAc&quot;,&quot;video_type&quot;:&quot;youtube&quot;,&quot;controls&quot;:&quot;yes&quot;}\" data-widget_type=\"video.default\">\n\t\t\t\t<div class=\"elementor-widget-container\">\n\t\t\t\t\t<div class=\"elementor-wrapper elementor-open-inline\">\n\t\t\t<div class=\"elementor-video\"><\/div>\t\t<\/div>\n\t\t\t\t<\/div>\n\t\t\t\t<\/div>\n\t\t\t\t\t<\/div>\n\t\t<\/div>\n\t\t\t\t<div class=\"elementor-column elementor-col-33 elementor-inner-column elementor-element elementor-element-58f34d7\" data-id=\"58f34d7\" data-element_type=\"column\">\n\t\t\t<div class=\"elementor-widget-wrap elementor-element-populated\">\n\t\t\t\t\t\t\t\t<div class=\"elementor-element elementor-element-384f569 elementor-widget elementor-widget-video\" data-id=\"384f569\" data-element_type=\"widget\" data-settings=\"{&quot;youtube_url&quot;:&quot;https:\\\/\\\/youtu.be\\\/KEgBWz-dVz4&quot;,&quot;video_type&quot;:&quot;youtube&quot;,&quot;controls&quot;:&quot;yes&quot;}\" data-widget_type=\"video.default\">\n\t\t\t\t<div class=\"elementor-widget-container\">\n\t\t\t\t\t<div class=\"elementor-wrapper elementor-open-inline\">\n\t\t\t<div class=\"elementor-video\"><\/div>\t\t<\/div>\n\t\t\t\t<\/div>\n\t\t\t\t<\/div>\n\t\t\t\t<div class=\"elementor-element elementor-element-358eb63 elementor-widget elementor-widget-video\" data-id=\"358eb63\" data-element_type=\"widget\" data-settings=\"{&quot;youtube_url&quot;:&quot;https:\\\/\\\/youtu.be\\\/Ucp-Xz6l9rA&quot;,&quot;video_type&quot;:&quot;youtube&quot;,&quot;controls&quot;:&quot;yes&quot;}\" data-widget_type=\"video.default\">\n\t\t\t\t<div class=\"elementor-widget-container\">\n\t\t\t\t\t<div class=\"elementor-wrapper elementor-open-inline\">\n\t\t\t<div class=\"elementor-video\"><\/div>\t\t<\/div>\n\t\t\t\t<\/div>\n\t\t\t\t<\/div>\n\t\t\t\t\t<\/div>\n\t\t<\/div>\n\t\t\t\t\t\t\t<\/div>\n\t\t<\/section>\n\t\t\t\t\t<\/div>\n\t\t<\/div>\n\t\t\t\t\t\t\t<\/div>\n\t\t<\/section>\n\t\t\t\t\t\t\t<\/div>\n\t\t","protected":false},"excerpt":{"rendered":"<p>RESULTADOS TESTIMONIOS https:\/\/youtu.be\/2Oh3KbN90A0https:\/\/youtu.be\/g-qKx76BI8ghttps:\/\/youtu.be\/bj5HuIbbkTYhttps:\/\/youtu.be\/6negKPrGlRghttps:\/\/youtu.be\/_ifNnQ93hEAhttps:\/\/youtu.be\/wbGHZyhiTAchttps:\/\/youtu.be\/KEgBWz-dVz4https:\/\/youtu.be\/Ucp-Xz6l9rA<\/p>\n","protected":false},"author":2,"featured_media":0,"parent":2,"menu_order":0,"comment_status":"closed","ping_status":"closed","template":"elementor_header_footer","meta":{"_joinchat":[],"footnotes":""},"class_list":["post-18","page","type-page","status-publish","hentry","entry"],"yoast_head":"<!-- This site is optimized with the Yoast SEO plugin v21.0 - https:\/\/yoast.com\/wordpress\/plugins\/seo\/ -->\n<title>Resultados - Dr Honorio Labaronnie<\/title>\n<meta name=\"robots\" content=\"index, follow, max-snippet:-1, max-image-preview:large, max-video-preview:-1\" \/>\n<link rel=\"canonical\" href=\"https:\/\/dochonorio.com\/ingles\/inicio\/resultados\/\" \/>\n<meta property=\"og:locale\" content=\"es_ES\" \/>\n<meta property=\"og:type\" content=\"article\" \/>\n<meta property=\"og:title\" content=\"Resultados - Dr Honorio Labaronnie\" \/>\n<meta property=\"og:description\" content=\"RESULTADOS TESTIMONIOS https:\/\/youtu.be\/2Oh3KbN90A0https:\/\/youtu.be\/g-qKx76BI8ghttps:\/\/youtu.be\/bj5HuIbbkTYhttps:\/\/youtu.be\/6negKPrGlRghttps:\/\/youtu.be\/_ifNnQ93hEAhttps:\/\/youtu.be\/wbGHZyhiTAchttps:\/\/youtu.be\/KEgBWz-dVz4https:\/\/youtu.be\/Ucp-Xz6l9rA\" \/>\n<meta property=\"og:url\" content=\"https:\/\/dochonorio.com\/ingles\/inicio\/resultados\/\" \/>\n<meta property=\"og:site_name\" content=\"Dr Honorio Labaronnie\" \/>\n<meta property=\"article:publisher\" content=\"https:\/\/web.facebook.com\/dochonoriolabaronnie\" \/>\n<meta property=\"article:modified_time\" content=\"2023-08-23T15:03:19+00:00\" \/>\n<meta name=\"twitter:card\" content=\"summary_large_image\" \/>\n<meta name=\"twitter:label1\" content=\"Tiempo de lectura\" \/>\n\t<meta name=\"twitter:data1\" content=\"1 minuto\" \/>\n<script type=\"application\/ld+json\" class=\"yoast-schema-graph\">{\"@context\":\"https:\/\/schema.org\",\"@graph\":[{\"@type\":\"WebPage\",\"@id\":\"https:\/\/dochonorio.com\/ingles\/inicio\/resultados\/\",\"url\":\"https:\/\/dochonorio.com\/ingles\/inicio\/resultados\/\",\"name\":\"Resultados - Dr Honorio Labaronnie\",\"isPartOf\":{\"@id\":\"https:\/\/dochonorio.com\/ingles\/#website\"},\"datePublished\":\"2023-04-17T15:06:02+00:00\",\"dateModified\":\"2023-08-23T15:03:19+00:00\",\"breadcrumb\":{\"@id\":\"https:\/\/dochonorio.com\/ingles\/inicio\/resultados\/#breadcrumb\"},\"inLanguage\":\"es\",\"potentialAction\":[{\"@type\":\"ReadAction\",\"target\":[\"https:\/\/dochonorio.com\/ingles\/inicio\/resultados\/\"]}]},{\"@type\":\"BreadcrumbList\",\"@id\":\"https:\/\/dochonorio.com\/ingles\/inicio\/resultados\/#breadcrumb\",\"itemListElement\":[{\"@type\":\"ListItem\",\"position\":1,\"name\":\"Portada\",\"item\":\"https:\/\/dochonorio.com\/ingles\/\"},{\"@type\":\"ListItem\",\"position\":2,\"name\":\"Inicio\",\"item\":\"https:\/\/dochonorio.com\/ingles\/\"},{\"@type\":\"ListItem\",\"position\":3,\"name\":\"Resultados\"}]},{\"@type\":\"WebSite\",\"@id\":\"https:\/\/dochonorio.com\/ingles\/#website\",\"url\":\"https:\/\/dochonorio.com\/ingles\/\",\"name\":\"Dr Honorio Labaronnie, Especialista en Cirug\u00eda Pl\u00e1stica, Est\u00e9tica y Reparadora\",\"description\":\"Especialista en Cirug\u00eda Pl\u00e1stica, Est\u00e9tica y Reparadora.\",\"publisher\":{\"@id\":\"https:\/\/dochonorio.com\/ingles\/#organization\"},\"potentialAction\":[{\"@type\":\"SearchAction\",\"target\":{\"@type\":\"EntryPoint\",\"urlTemplate\":\"https:\/\/dochonorio.com\/ingles\/?s={search_term_string}\"},\"query-input\":\"required name=search_term_string\"}],\"inLanguage\":\"es\"},{\"@type\":\"Organization\",\"@id\":\"https:\/\/dochonorio.com\/ingles\/#organization\",\"name\":\"Dr Honorio Labaronnie, Especialista en Cirug\u00eda Pl\u00e1stica, Est\u00e9tica y Reparadora\",\"url\":\"https:\/\/dochonorio.com\/ingles\/\",\"logo\":{\"@type\":\"ImageObject\",\"inLanguage\":\"es\",\"@id\":\"https:\/\/dochonorio.com\/ingles\/#\/schema\/logo\/image\/\",\"url\":\"https:\/\/dochonorio.com\/ingles\/wp-content\/uploads\/2023\/04\/logo.png\",\"contentUrl\":\"https:\/\/dochonorio.com\/ingles\/wp-content\/uploads\/2023\/04\/logo.png\",\"width\":300,\"height\":23,\"caption\":\"Dr Honorio Labaronnie, Especialista en Cirug\u00eda Pl\u00e1stica, Est\u00e9tica y Reparadora\"},\"image\":{\"@id\":\"https:\/\/dochonorio.com\/ingles\/#\/schema\/logo\/image\/\"},\"sameAs\":[\"https:\/\/web.facebook.com\/dochonoriolabaronnie\"]}]}<\/script>\n<!-- \/ Yoast SEO plugin. -->","yoast_head_json":{"title":"Resultados - Dr Honorio Labaronnie","robots":{"index":"index","follow":"follow","max-snippet":"max-snippet:-1","max-image-preview":"max-image-preview:large","max-video-preview":"max-video-preview:-1"},"canonical":"https:\/\/dochonorio.com\/ingles\/inicio\/resultados\/","og_locale":"es_ES","og_type":"article","og_title":"Resultados - Dr Honorio Labaronnie","og_description":"RESULTADOS TESTIMONIOS https:\/\/youtu.be\/2Oh3KbN90A0https:\/\/youtu.be\/g-qKx76BI8ghttps:\/\/youtu.be\/bj5HuIbbkTYhttps:\/\/youtu.be\/6negKPrGlRghttps:\/\/youtu.be\/_ifNnQ93hEAhttps:\/\/youtu.be\/wbGHZyhiTAchttps:\/\/youtu.be\/KEgBWz-dVz4https:\/\/youtu.be\/Ucp-Xz6l9rA","og_url":"https:\/\/dochonorio.com\/ingles\/inicio\/resultados\/","og_site_name":"Dr Honorio Labaronnie","article_publisher":"https:\/\/web.facebook.com\/dochonoriolabaronnie","article_modified_time":"2023-08-23T15:03:19+00:00","twitter_card":"summary_large_image","twitter_misc":{"Tiempo de lectura":"1 minuto"},"schema":{"@context":"https:\/\/schema.org","@graph":[{"@type":"WebPage","@id":"https:\/\/dochonorio.com\/ingles\/inicio\/resultados\/","url":"https:\/\/dochonorio.com\/ingles\/inicio\/resultados\/","name":"Resultados - Dr Honorio Labaronnie","isPartOf":{"@id":"https:\/\/dochonorio.com\/ingles\/#website"},"datePublished":"2023-04-17T15:06:02+00:00","dateModified":"2023-08-23T15:03:19+00:00","breadcrumb":{"@id":"https:\/\/dochonorio.com\/ingles\/inicio\/resultados\/#breadcrumb"},"inLanguage":"es","potentialAction":[{"@type":"ReadAction","target":["https:\/\/dochonorio.com\/ingles\/inicio\/resultados\/"]}]},{"@type":"BreadcrumbList","@id":"https:\/\/dochonorio.com\/ingles\/inicio\/resultados\/#breadcrumb","itemListElement":[{"@type":"ListItem","position":1,"name":"Portada","item":"https:\/\/dochonorio.com\/ingles\/"},{"@type":"ListItem","position":2,"name":"Inicio","item":"https:\/\/dochonorio.com\/ingles\/"},{"@type":"ListItem","position":3,"name":"Resultados"}]},{"@type":"WebSite","@id":"https:\/\/dochonorio.com\/ingles\/#website","url":"https:\/\/dochonorio.com\/ingles\/","name":"Dr Honorio Labaronnie, Especialista en Cirug\u00eda Pl\u00e1stica, Est\u00e9tica y Reparadora","description":"Especialista en Cirug\u00eda Pl\u00e1stica, Est\u00e9tica y Reparadora.","publisher":{"@id":"https:\/\/dochonorio.com\/ingles\/#organization"},"potentialAction":[{"@type":"SearchAction","target":{"@type":"EntryPoint","urlTemplate":"https:\/\/dochonorio.com\/ingles\/?s={search_term_string}"},"query-input":"required name=search_term_string"}],"inLanguage":"es"},{"@type":"Organization","@id":"https:\/\/dochonorio.com\/ingles\/#organization","name":"Dr Honorio Labaronnie, Especialista en Cirug\u00eda Pl\u00e1stica, Est\u00e9tica y Reparadora","url":"https:\/\/dochonorio.com\/ingles\/","logo":{"@type":"ImageObject","inLanguage":"es","@id":"https:\/\/dochonorio.com\/ingles\/#\/schema\/logo\/image\/","url":"https:\/\/dochonorio.com\/ingles\/wp-content\/uploads\/2023\/04\/logo.png","contentUrl":"https:\/\/dochonorio.com\/ingles\/wp-content\/uploads\/2023\/04\/logo.png","width":300,"height":23,"caption":"Dr Honorio Labaronnie, Especialista en Cirug\u00eda Pl\u00e1stica, Est\u00e9tica y Reparadora"},"image":{"@id":"https:\/\/dochonorio.com\/ingles\/#\/schema\/logo\/image\/"},"sameAs":["https:\/\/web.facebook.com\/dochonoriolabaronnie"]}]}},"_links":{"self":[{"href":"https:\/\/dochonorio.com\/ingles\/wp-json\/wp\/v2\/pages\/18","targetHints":{"allow":["GET"]}}],"collection":[{"href":"https:\/\/dochonorio.com\/ingles\/wp-json\/wp\/v2\/pages"}],"about":[{"href":"https:\/\/dochonorio.com\/ingles\/wp-json\/wp\/v2\/types\/page"}],"author":[{"embeddable":true,"href":"https:\/\/dochonorio.com\/ingles\/wp-json\/wp\/v2\/users\/2"}],"replies":[{"embeddable":true,"href":"https:\/\/dochonorio.com\/ingles\/wp-json\/wp\/v2\/comments?post=18"}],"version-history":[{"count":112,"href":"https:\/\/dochonorio.com\/ingles\/wp-json\/wp\/v2\/pages\/18\/revisions"}],"predecessor-version":[{"id":1502,"href":"https:\/\/dochonorio.com\/ingles\/wp-json\/wp\/v2\/pages\/18\/revisions\/1502"}],"up":[{"embeddable":true,"href":"https:\/\/dochonorio.com\/ingles\/wp-json\/wp\/v2\/pages\/2"}],"wp:attachment":[{"href":"https:\/\/dochonorio.com\/ingles\/wp-json\/wp\/v2\/media?parent=18"}],"curies":[{"name":"wp","href":"https:\/\/api.w.org\/{rel}","templated":true}]}}